{"id":216,"date":"2021-09-29T10:40:57","date_gmt":"2021-09-29T10:40:57","guid":{"rendered":"https:\/\/walkurban.eu\/?page_id=216"},"modified":"2024-08-13T13:21:10","modified_gmt":"2024-08-13T13:21:10","slug":"dortmund","status":"publish","type":"page","link":"https:\/\/walkurban.eu\/?page_id=216","title":{"rendered":"Dortmund"},"content":{"rendered":"\n<div class=\"wp-block-columns is-layout-flex wp-container-core-columns-is-layout-9d6595d7 wp-block-columns-is-layout-flex\">\n<div class=\"wp-block-column is-layout-flow wp-block-column-is-layout-flow\" style=\"flex-basis:100%\">\n<div class=\"wp-block-columns is-layout-flex wp-container-core-columns-is-layout-9d6595d7 wp-block-columns-is-layout-flex\">\n<div class=\"wp-block-column is-layout-flow wp-block-column-is-layout-flow\" style=\"flex-basis:100%\">\n<div class=\"wp-block-columns is-layout-flex wp-container-core-columns-is-layout-9d6595d7 wp-block-columns-is-layout-flex\">\n<div class=\"wp-block-column is-layout-flow wp-block-column-is-layout-flow\">\n<figure class=\"wp-block-image size-large is-resized\"><img loading=\"lazy\" decoding=\"async\" width=\"1024\" height=\"768\" src=\"https:\/\/walkurban.eu\/wp-content\/uploads\/2022\/09\/IMG_2738_postcardKreuzv-1024x768.jpg\" alt=\"\" class=\"wp-image-733\" style=\"width:359px;height:269px\"\/><figcaption class=\"wp-element-caption\">Kreuzviertel Dortmund \u00a9 Vlugt\/ILS<\/figcaption><\/figure>\n<\/div>\n\n\n\n<div class=\"wp-block-column is-layout-flow wp-block-column-is-layout-flow\">\n<figure class=\"wp-block-image size-large is-resized\"><img loading=\"lazy\" decoding=\"async\" width=\"1024\" height=\"683\" src=\"https:\/\/walkurban.eu\/wp-content\/uploads\/2022\/09\/DSC00605_postcardFunkenb_small-1024x683.jpg\" alt=\"\" class=\"wp-image-735\" style=\"width:403px;height:269px\" srcset=\"https:\/\/walkurban.eu\/wp-content\/uploads\/2022\/09\/DSC00605_postcardFunkenb_small-1024x683.jpg 1024w, https:\/\/walkurban.eu\/wp-content\/uploads\/2022\/09\/DSC00605_postcardFunkenb_small-300x200.jpg 300w, https:\/\/walkurban.eu\/wp-content\/uploads\/2022\/09\/DSC00605_postcardFunkenb_small-768x512.jpg 768w, https:\/\/walkurban.eu\/wp-content\/uploads\/2022\/09\/DSC00605_postcardFunkenb_small-1536x1024.jpg 1536w, https:\/\/walkurban.eu\/wp-content\/uploads\/2022\/09\/DSC00605_postcardFunkenb_small-2048x1365.jpg 2048w, https:\/\/walkurban.eu\/wp-content\/uploads\/2022\/09\/DSC00605_postcardFunkenb_small-1920x1280.jpg 1920w, https:\/\/walkurban.eu\/wp-content\/uploads\/2022\/09\/DSC00605_postcardFunkenb_small-800x533.jpg 800w\" sizes=\"auto, (max-width: 1024px) 100vw, 1024px\" \/><figcaption class=\"wp-element-caption\">Funkenburg Dortmund \u00a9 Otsuka\/ILS<\/figcaption><\/figure>\n<\/div>\n<\/div>\n<\/div>\n<\/div>\n\n\n\n<div class=\"wp-block-group\"><div class=\"wp-block-group__inner-container is-layout-constrained wp-block-group-is-layout-constrained\">\n<div class=\"wp-block-buttons is-horizontal is-layout-flex wp-block-buttons-is-layout-flex\">\n<div class=\"wp-block-button has-custom-width wp-block-button__width-25 has-custom-font-size is-style-fill has-small-font-size\"><a class=\"wp-block-button__link wp-element-button\">Walking Strategy Dortmund<\/a><\/div>\n\n\n\n<div class=\"wp-block-button has-custom-width wp-block-button__width-25 has-custom-font-size is-style-fill has-medium-font-size\"><a class=\"wp-block-button__link wp-element-button\" href=\"https:\/\/walkurban.eu\/wp-content\/uploads\/2024\/08\/2024_WalkUrban_results_DE.pdf\">Booklet (DE)<\/a><\/div>\n<\/div>\n<\/div><\/div>\n\n\n\n<p class=\"has-small-font-size\">For a quick overview of the Dortmund Walking Strategy as presented on our final conference, or for the published final booklet in german language, click the respective button above to download the presentaiton<\/p>\n<\/div>\n<\/div>\n\n\n\n<hr class=\"wp-block-separator has-alpha-channel-opacity\"\/>\n\n\n\n<h2 class=\"wp-block-heading has-large-font-size\">Dortmund<\/h2>\n\n\n\n<p>Dortmund liegt im Westen Deutschlands, im Herzen des Ruhrgebiets. Die Stadt ist gepr\u00e4gt von einer traditionell autoorientierten Stadtplanung sowie einem hohen Motorisierungsgrad und einer intensiven Autonutzung. Mit der Entwicklung des Masterplans will die Stadt Dortmund die Attraktivit\u00e4t und Lebensqualit\u00e4t der Stadt nachhaltig steigern. \u00dcbergeordnetes Ziel ist es, den Fu\u00df- und Radverkehr sowie den \u00d6PNV weiter zu st\u00e4rken und den Modal Split zu Lasten des motorisierten Individualverkehrs (MIV) zu ver\u00e4ndern (Stadt Dortmund 2021).<\/p>\n\n\n\n<div class=\"wp-block-columns is-layout-flex wp-container-core-columns-is-layout-9d6595d7 wp-block-columns-is-layout-flex\">\n<div class=\"wp-block-column is-layout-flow wp-block-column-is-layout-flow\" style=\"flex-basis:100%\">\n<div class=\"wp-block-columns is-layout-flex wp-container-core-columns-is-layout-9d6595d7 wp-block-columns-is-layout-flex\">\n<div class=\"wp-block-column is-layout-flow wp-block-column-is-layout-flow\" style=\"flex-basis:100%\">\n<div class=\"wp-block-columns is-layout-flex wp-container-core-columns-is-layout-9d6595d7 wp-block-columns-is-layout-flex\">\n<div class=\"wp-block-column is-layout-flow wp-block-column-is-layout-flow\">\n<figure class=\"wp-block-image size-full\"><img loading=\"lazy\" decoding=\"async\" width=\"495\" height=\"363\" src=\"https:\/\/walkurban.eu\/wp-content\/uploads\/2021\/12\/Study-Dortmund.png\" alt=\"\" class=\"wp-image-446\" srcset=\"https:\/\/walkurban.eu\/wp-content\/uploads\/2021\/12\/Study-Dortmund.png 495w, https:\/\/walkurban.eu\/wp-content\/uploads\/2021\/12\/Study-Dortmund-300x220.png 300w\" sizes=\"auto, (max-width: 495px) 100vw, 495px\" \/><figcaption class=\"wp-element-caption\">Quelle: Stadt Dortmund 2019: 51 \u2013 korrigierte Sch\u00e4tzung<\/figcaption><\/figure>\n<\/div>\n\n\n\n<div class=\"wp-block-column is-layout-flow wp-block-column-is-layout-flow\">\n<figure class=\"wp-block-image size-full is-resized\"><img loading=\"lazy\" decoding=\"async\" width=\"312\" height=\"94\" src=\"https:\/\/walkurban.eu\/wp-content\/uploads\/2021\/12\/Study_Dortmund_Bild1.jpg\" alt=\"\" class=\"wp-image-447\" srcset=\"https:\/\/walkurban.eu\/wp-content\/uploads\/2021\/12\/Study_Dortmund_Bild1.jpg 312w, https:\/\/walkurban.eu\/wp-content\/uploads\/2021\/12\/Study_Dortmund_Bild1-300x90.jpg 300w\" sizes=\"auto, (max-width: 312px) 100vw, 312px\" \/><figcaption class=\"wp-element-caption\">\u00a9 Stefanie Kleemann, Stadt Dortmund<\/figcaption><\/figure>\n\n\n\n<figure class=\"wp-block-image size-full is-resized\"><img loading=\"lazy\" decoding=\"async\" width=\"488\" height=\"189\" src=\"https:\/\/walkurban.eu\/wp-content\/uploads\/2021\/12\/Study_Dortmund_Bild2.jpg\" alt=\"\" class=\"wp-image-448\" srcset=\"https:\/\/walkurban.eu\/wp-content\/uploads\/2021\/12\/Study_Dortmund_Bild2.jpg 488w, https:\/\/walkurban.eu\/wp-content\/uploads\/2021\/12\/Study_Dortmund_Bild2-300x116.jpg 300w\" sizes=\"auto, (max-width: 488px) 100vw, 488px\" \/><figcaption class=\"wp-element-caption\">\u00a9 ILS, Roland Fechter<\/figcaption><\/figure>\n<\/div>\n<\/div>\n<\/div>\n<\/div>\n<\/div>\n<\/div>\n\n\n\n<h3 class=\"wp-block-heading\"><strong><strong>Ausgew\u00e4hlten Quartiere und Zielgruppen<\/strong><\/strong><\/h3>\n\n\n\n<p>F\u00fcr die Stadt Dortmund haben wir die beiden Wohnviertel <strong>Kreuzviertel<\/strong>\/Westfalenhallen und <strong>Funkenburg<\/strong>\/Ostpark in enger Zusammenarbeit mit den lokalen Akteuren als Untersuchungsquartiere ausgew\u00e4hlt. <\/p>\n\n\n\n<p>Im Projekt stand die Fu\u00dfg\u00e4ngerfreundlichkeit f\u00fcr die Bewohner*innen im Vordergrund. Die erwachsene Bev\u00f6lkerung wurde deswegen zu Ihrer Meinung dazu in den beiden Quartieren befragt. Besondere Zielgruppen sind Sch\u00fcler*innen und \u00e4ltere Menschen, da sie aufgrund ihrer Lebensumst\u00e4nde besonders h\u00e4ufig zu Fu\u00df gehen und gleichzeitig besondere Bed\u00fcrfnisse in Bezug auf Sicherheit im Verkehr und auf die Beschaffenheit von Wegen haben. Deswegen begleiteten die Forscherinnen einige von ihnen beim zu Fu\u00df gehen, so dass sie ihre Einsch\u00e4tzungen und Erfahrungen direkt mitteilen konnten.<\/p>\n\n\n\n<p>Eine detaillierte Beschreibung zu unserem Vorgehen in Dortmund findet sich hier:<\/p>\n\n\n\n<div class=\"wp-block-file\"><a id=\"wp-block-file--media-f92ea66e-78b2-4bf1-b0bf-d26acbc19d3b\" href=\"https:\/\/walkurban.eu\/wp-content\/uploads\/2022\/09\/studyarea_Dortmund_june2022_de.pdf\" target=\"_blank\" rel=\"noreferrer noopener\">Dortmund_2022_de<\/a><a href=\"https:\/\/walkurban.eu\/wp-content\/uploads\/2022\/09\/studyarea_Dortmund_june2022_de.pdf\" class=\"wp-block-file__button wp-element-button\" download aria-describedby=\"wp-block-file--media-f92ea66e-78b2-4bf1-b0bf-d26acbc19d3b\">Herunterladen<\/a><\/div>\n\n\n\n<h3 class=\"wp-block-heading\"><strong><strong>WalkUrban\u2019s umfassende Forschung zur Fu\u00dfg\u00e4ngerfreundlichkeit<\/strong><\/strong><\/h3>\n\n\n\n<p>In jedem der ausgew\u00e4hlten Wohngebiete wurde eine Reihe von Methoden angewandt, um die Fu\u00dfg\u00e4ngerfreundlichkeit umfassend zu untersuchen. Es wurden folgende Analysen und Erhebungen durchgef\u00fchrt:<\/p>\n\n\n\n<ul class=\"wp-block-list\">\n<li>Erstens wurde eine <strong>GIS-basierte Analyse <\/strong>der Infrastruktur in Bezug auf Erreichbarkeit und Fu\u00dfg\u00e4ngerfreundlichkeit durchgef\u00fchrt. Mit Hilfe eines kleinr\u00e4umigen Rasters und detaillierter Fu\u00dfwegenetze wurden die Fu\u00dfwege zu verschiedenen Zielen wie Bus- und Bahnhaltestellen, Schulstandorten oder Superm\u00e4rkten analysiert. Auch Parks und Gr\u00fcnfl\u00e4chen, die zu Fu\u00df erreichbar sind, wurden ber\u00fccksichtig.<\/li>\n\n\n\n<li>Zweitens wurde eine <strong>Haushaltsbefragung <\/strong>durchgef\u00fchrt, um einen Einblick in das Mobilit\u00e4tsverhalten und die Einstellungen der Bewohner*innen sowie in die wahrgenommene Fu\u00dfg\u00e4ngerfreundlichkeit zu erhalten;<\/li>\n\n\n\n<li>Drittens wurden die B\u00fcrger*innen gebeten, einige ihrer eigenen Fu\u00dfwege \u00fcber eine mobile App (<strong>Citizen Science Walking Route Assessments<\/strong>) selbst zu bewerten. Mit dieser App k\u00f6nnen die B\u00fcrgerinnen und B\u00fcrger die Wege in ihrem Wohngebiet bewerten, positive oder negative Aspekte fotografieren und Fragen zu ihren Erfahrungen beantworten;<\/li>\n\n\n\n<li>Viertens wurden von den Forscherinnen \u2018<strong>walk-along\u2019 Interviews<\/strong> mit Personen der speziellen Zielgruppen durchgef\u00fchrt. Dabei gehen wir gemeinsam durch das Viertel, so dass die Teilnehmenden frei sprechen und auf Dinge hinweisen k\u00f6nnen, die ihnen gefallen oder nicht gefallen. Diese qualitativen Daten wurden in erster Linie dazu verwendet, die spezifischen Bed\u00fcrfnisse und wahrgenommene Fu\u00dfg\u00e4ngerfreundlichkeit zu bewerten.<\/li>\n<\/ul>\n\n\n\n<p><strong><strong>Projektaktivit\u00e4ten<\/strong><\/strong> <strong>in Dortmund <\/strong><\/p>\n\n\n\n<ul class=\"wp-block-list\">\n<li>WalkUrban-Team: Entwicklung eines konzeptionellen Rahmens und der quantitativen und qualitativen Methoden, Pre-Test und Pilotstudie in Genua<\/li>\n\n\n\n<li>ILS-Team Dortmund: Auswahl der Quartiere, Information und Treffen mit lokalen Akteuren, Entwicklung der WalkUrban-Website, Vorbereitung der Feldarbeit<\/li>\n\n\n\n<li>Haushaltsbefragung (Nach Einladung per Postkarte)<\/li>\n\n\n\n<li>Fu\u00dfwege-Routenbewertungen durch B\u00fcrger*innen (Citizen Science)<\/li>\n\n\n\n<li>Begleitete Spazierg\u00e4nge im Quartier (Walk-along-Interviews)<\/li>\n\n\n\n<li>Abschlusskonferenz in Dortmund <\/li>\n<\/ul>\n\n\n\n<div style=\"height:10px\" aria-hidden=\"true\" class=\"wp-block-spacer\"><\/div>\n\n\n\n<hr class=\"wp-block-separator has-alpha-channel-opacity\"\/>\n\n\n\n<h2 class=\"wp-block-heading has-large-font-size\">Dortmund <\/h2>\n\n\n\n<div class=\"wp-block-group\"><div class=\"wp-block-group__inner-container is-layout-flow wp-block-group-is-layout-flow\">\n<p>Dortmund is located in western Germany, in the heart of the Ruhr region. It is characterised by traditionally car-oriented urban planning and extensive car use. With the development of the city\u2019s Master Plan, Dortmund aims to increase the attractiveness and quality of life in a sustainable way. The overarching goal is to further strengthen walking and cycling, as well as public transport, and to shift the modal split away from motorised private transport (City of Dortmund 2021). <\/p>\n\n\n\n<div class=\"wp-block-columns is-layout-flex wp-container-core-columns-is-layout-9d6595d7 wp-block-columns-is-layout-flex\">\n<div class=\"wp-block-column is-layout-flow wp-block-column-is-layout-flow\" style=\"flex-basis:100%\">\n<div class=\"wp-block-columns is-layout-flex wp-container-core-columns-is-layout-9d6595d7 wp-block-columns-is-layout-flex\">\n<div class=\"wp-block-column is-layout-flow wp-block-column-is-layout-flow\" style=\"flex-basis:100%\">\n<div class=\"wp-block-columns is-layout-flex wp-container-core-columns-is-layout-9d6595d7 wp-block-columns-is-layout-flex\">\n<div class=\"wp-block-column is-layout-flow wp-block-column-is-layout-flow\">\n<figure class=\"wp-block-image size-full\"><img loading=\"lazy\" decoding=\"async\" width=\"495\" height=\"363\" src=\"https:\/\/walkurban.eu\/wp-content\/uploads\/2021\/12\/Study-Dortmund.png\" alt=\"\" class=\"wp-image-446\" srcset=\"https:\/\/walkurban.eu\/wp-content\/uploads\/2021\/12\/Study-Dortmund.png 495w, https:\/\/walkurban.eu\/wp-content\/uploads\/2021\/12\/Study-Dortmund-300x220.png 300w\" sizes=\"auto, (max-width: 495px) 100vw, 495px\" \/><figcaption class=\"wp-element-caption\">City of Dortmund\u00a0 2019:51 \u2013 corrected estimates<\/figcaption><\/figure>\n<\/div>\n\n\n\n<div class=\"wp-block-column is-layout-flow wp-block-column-is-layout-flow\">\n<figure class=\"wp-block-image size-full is-resized\"><img loading=\"lazy\" decoding=\"async\" width=\"312\" height=\"94\" src=\"https:\/\/walkurban.eu\/wp-content\/uploads\/2021\/12\/Study_Dortmund_Bild1.jpg\" alt=\"\" class=\"wp-image-447\" srcset=\"https:\/\/walkurban.eu\/wp-content\/uploads\/2021\/12\/Study_Dortmund_Bild1.jpg 312w, https:\/\/walkurban.eu\/wp-content\/uploads\/2021\/12\/Study_Dortmund_Bild1-300x90.jpg 300w\" sizes=\"auto, (max-width: 312px) 100vw, 312px\" \/><figcaption class=\"wp-element-caption\">\u00a9 Stefanie Kleemann, Stadt Dortmund<\/figcaption><\/figure>\n\n\n\n<figure class=\"wp-block-image size-full is-resized\"><img loading=\"lazy\" decoding=\"async\" width=\"488\" height=\"189\" src=\"https:\/\/walkurban.eu\/wp-content\/uploads\/2021\/12\/Study_Dortmund_Bild2.jpg\" alt=\"\" class=\"wp-image-448\" srcset=\"https:\/\/walkurban.eu\/wp-content\/uploads\/2021\/12\/Study_Dortmund_Bild2.jpg 488w, https:\/\/walkurban.eu\/wp-content\/uploads\/2021\/12\/Study_Dortmund_Bild2-300x116.jpg 300w\" sizes=\"auto, (max-width: 488px) 100vw, 488px\" \/><figcaption class=\"wp-element-caption\">\u00a9 ILS, Roland Fechter<\/figcaption><\/figure>\n<\/div>\n<\/div>\n<\/div>\n<\/div>\n<\/div>\n<\/div>\n\n\n\n<h3 class=\"wp-block-heading\"><strong>Description of selected neighbourhoods and target groups<\/strong><\/h3>\n\n\n\n<p>For the city of Dortmund, we selected the two residential districts Kreuzviertel\/Westfalenhallen and Funkenburg\/Ostfriedhof as study neighbourhoods in close cooperation with local stakeholders.<\/p>\n\n\n\n<p>The project focused on walkabiltiy for the residents. Individuals over 18 years of age from the general population, and younger schoolchildren (aged 8-12) have been involved in our research which focused on experiences of the walking environment in the two selected neighbourhoods. Special target groups in Dortmund were schoolchildren and older people, as they walk more often and at the same time have special needs with regard to traffic safety and street conditions.<\/p>\n\n\n\n<p>A detailed description of our approach in Dortmund can be found here.<\/p>\n\n\n\n<div class=\"wp-block-file\"><a id=\"wp-block-file--media-f92ea66e-78b2-4bf1-b0bf-d26acbc19d3b\" href=\"https:\/\/walkurban.eu\/wp-content\/uploads\/2022\/09\/studyarea_Dortmund_june2022_en.pdf\" target=\"_blank\" rel=\"noreferrer noopener\">Dortmund_2022_en<\/a><a href=\"https:\/\/walkurban.eu\/wp-content\/uploads\/2022\/09\/studyarea_Dortmund_june2022_en.pdf\" class=\"wp-block-file__button wp-element-button\" download aria-describedby=\"wp-block-file--media-f92ea66e-78b2-4bf1-b0bf-d26acbc19d3b\">Download<\/a><\/div>\n\n\n\n<p><strong>Project Activities<\/strong><\/p>\n\n\n\n<ul class=\"wp-block-list\">\n<li>WalkUrban team: development of a conceptual framework and the quantitative and qualitative methods, pre-test and pilot study in Genoa.<\/li>\n\n\n\n<li>ILS team Dortmund: selection of neighbourhoods, information and meetings with local actors, development of the WalkUrban website.<\/li>\n\n\n\n<li>Househould survey (Invitation by postcard)<\/li>\n\n\n\n<li>Walking route assessments (Citizen Science)<\/li>\n\n\n\n<li>Walk-along interviews in the neighbourhoods (guided walks)<\/li>\n\n\n\n<li>Final Conference in Dortmund <\/li>\n<\/ul>\n<\/div><\/div>\n\n\n\n<p><strong>Sources:<\/strong><\/p>\n\n\n\n<p>City of Dortmund 2019: Mobilit\u00e4tsbefragung der Dortmunder Bev\u00f6lkerung Wege, 2019: <a href=\"https:\/\/opendata.dortmund.de\/\">https:\/\/opendata.dortmund.de<\/a><br>City of Dortmund \/ Stadt Dortmund 2021: <a href=\"https:\/\/www.dortmund.de\/de\/leben_in_dortmund\/verkehr\/masterplan_mobilitaet_2030\/zielkonzept\/index.html\">https:\/\/www.dortmund.de\/de\/leben_in_dortmund\/verkehr\/masterplan_mobilitaet_2030\/zielkonzept\/index.html<\/a>)<\/p>\n","protected":false},"excerpt":{"rendered":"<p>Kreuzviertel Dortmund \u00a9 Vlugt\/ILS Funkenburg Dortmund \u00a9 Otsuka\/ILS For a quick overview of the Dortmund Walking Strategy as presented on our final conference, or for the published final booklet in german language, click the respective button above to download the presentaiton Dortmund Dortmund liegt im Westen Deutschlands, im Herzen des Ruhrgebiets. Die Stadt ist gepr\u00e4gt..<\/p>\n","protected":false},"author":3,"featured_media":0,"parent":0,"menu_order":0,"comment_status":"closed","ping_status":"closed","template":"","meta":{"footnotes":""},"class_list":["post-216","page","type-page","status-publish","hentry"],"_links":{"self":[{"href":"https:\/\/walkurban.eu\/index.php?rest_route=\/wp\/v2\/pages\/216","targetHints":{"allow":["GET"]}}],"collection":[{"href":"https:\/\/walkurban.eu\/index.php?rest_route=\/wp\/v2\/pages"}],"about":[{"href":"https:\/\/walkurban.eu\/index.php?rest_route=\/wp\/v2\/types\/page"}],"author":[{"embeddable":true,"href":"https:\/\/walkurban.eu\/index.php?rest_route=\/wp\/v2\/users\/3"}],"replies":[{"embeddable":true,"href":"https:\/\/walkurban.eu\/index.php?rest_route=%2Fwp%2Fv2%2Fcomments&post=216"}],"version-history":[{"count":68,"href":"https:\/\/walkurban.eu\/index.php?rest_route=\/wp\/v2\/pages\/216\/revisions"}],"predecessor-version":[{"id":1127,"href":"https:\/\/walkurban.eu\/index.php?rest_route=\/wp\/v2\/pages\/216\/revisions\/1127"}],"wp:attachment":[{"href":"https:\/\/walkurban.eu\/index.php?rest_route=%2Fwp%2Fv2%2Fmedia&parent=216"}],"curies":[{"name":"wp","href":"https:\/\/api.w.org\/{rel}","templated":true}]}}